{"id":712,"date":"2024-02-24T08:15:50","date_gmt":"2024-02-24T08:15:50","guid":{"rendered":"https:\/\/biotehum.com\/?post_type=product&#038;p=712"},"modified":"2024-02-29T08:52:27","modified_gmt":"2024-02-29T08:52:27","slug":"nubiore-beta","status":"publish","type":"product","link":"https:\/\/biotehum.com\/es_mx\/producto\/nubiore-beta\/","title":{"rendered":"Nubiore Beta\u00ae Adulto"},"content":{"rendered":"","protected":false},"excerpt":{"rendered":"<p>Nubiore Beta\u00ae Adulto es una mezcla original de prote\u00ednas y amino\u00e1cidos naturales especialmente formulada para promover la reducci\u00f3n de diversos s\u00edntomas de hiperexcitabilidad o funciones exacerbadas que se originan como consecuencias de da\u00f1os o deficiencias en la regulaci\u00f3n de las funciones neurol\u00f3gicas y sus manifestaciones.<\/p>\n<p>Es una magn\u00edfica ayuda para el desarrollo y maduraci\u00f3n de las conexiones moduladoras de las redes funcionales del cerebro, ayudando a recuperar el equilibrio excitaci\u00f3n-inhibici\u00f3n esencial para expresar niveles normales de rendimiento f\u00edsico y cognitivo, as\u00ed como un \u00f3ptimo rendimiento intelectual y emocional.<\/p>\n<p>\u00a1Disfruta de Nubiore Beta\u00ae Adulto y experimenta el placer de un suave ritmo vital!<\/p>","protected":false},"featured_media":713,"comment_status":"open","ping_status":"closed","template":"","meta":{"inline_featured_image":false,"site-sidebar-layout":"default","site-content-layout":"","ast-site-content-layout":"default","site-content-style":"default","site-sidebar-style":"default","ast-global-header-display":"","ast-banner-title-visibility":"","ast-main-header-display":"","ast-hfb-above-header-display":"","ast-hfb-below-header-display":"","ast-hfb-mobile-header-display":"","site-post-title":"","ast-breadcrumbs-content":"","ast-featured-img":"","footer-sml-layout":"","theme-transparent-header-meta":"default","adv-header-id-meta":"","stick-header-meta":"","header-above-stick-meta":"","header-main-stick-meta":"","header-below-stick-meta":"","astra-migrate-meta-layouts":"set","ast-page-background-enabled":"default","ast-page-background-meta":{"desktop":{"background-color":"","background-image":"","background-repeat":"repeat","background-position":"center center","background-size":"auto","background-attachment":"scroll","background-type":"","background-media":"","overlay-type":"","overlay-color":"","overlay-opacity":"","overlay-gradient":""},"tablet":{"background-color":"","background-image":"","background-repeat":"repeat","background-position":"center center","background-size":"auto","background-attachment":"scroll","background-type":"","background-media":"","overlay-type":"","overlay-color":"","overlay-opacity":"","overlay-gradient":""},"mobile":{"background-color":"","background-image":"","background-repeat":"repeat","background-position":"center center","background-size":"auto","background-attachment":"scroll","background-type":"","background-media":"","overlay-type":"","overlay-color":"","overlay-opacity":"","overlay-gradient":""}},"ast-content-background-meta":{"desktop":{"background-color":"var(--ast-global-color-5)","background-image":"","background-repeat":"repeat","background-position":"center center","background-size":"auto","background-attachment":"scroll","background-type":"","background-media":"","overlay-type":"","overlay-color":"","overlay-opacity":"","overlay-gradient":""},"tablet":{"background-color":"var(--ast-global-color-5)","background-image":"","background-repeat":"repeat","background-position":"center center","background-size":"auto","background-attachment":"scroll","background-type":"","background-media":"","overlay-type":"","overlay-color":"","overlay-opacity":"","overlay-gradient":""},"mobile":{"background-color":"var(--ast-global-color-5)","background-image":"","background-repeat":"repeat","background-position":"center center","background-size":"auto","background-attachment":"scroll","background-type":"","background-media":"","overlay-type":"","overlay-color":"","overlay-opacity":"","overlay-gradient":""}}},"product_brand":[],"product_cat":[21],"product_tag":[],"class_list":{"0":"post-712","1":"product","2":"type-product","3":"status-publish","4":"has-post-thumbnail","6":"product_cat-medicine","7":"desktop-align-left","8":"tablet-align-left","9":"mobile-align-left","11":"first","12":"instock","13":"shipping-taxable","14":"purchasable","15":"product-type-simple"},"_links":{"self":[{"href":"https:\/\/biotehum.com\/es_mx\/wp-json\/wp\/v2\/product\/712","targetHints":{"allow":["GET"]}}],"collection":[{"href":"https:\/\/biotehum.com\/es_mx\/wp-json\/wp\/v2\/product"}],"about":[{"href":"https:\/\/biotehum.com\/es_mx\/wp-json\/wp\/v2\/types\/product"}],"replies":[{"embeddable":true,"href":"https:\/\/biotehum.com\/es_mx\/wp-json\/wp\/v2\/comments?post=712"}],"wp:featuredmedia":[{"embeddable":true,"href":"https:\/\/biotehum.com\/es_mx\/wp-json\/wp\/v2\/media\/713"}],"wp:attachment":[{"href":"https:\/\/biotehum.com\/es_mx\/wp-json\/wp\/v2\/media?parent=712"}],"wp:term":[{"taxonomy":"product_brand","embeddable":true,"href":"https:\/\/biotehum.com\/es_mx\/wp-json\/wp\/v2\/product_brand?post=712"},{"taxonomy":"product_cat","embeddable":true,"href":"https:\/\/biotehum.com\/es_mx\/wp-json\/wp\/v2\/product_cat?post=712"},{"taxonomy":"product_tag","embeddable":true,"href":"https:\/\/biotehum.com\/es_mx\/wp-json\/wp\/v2\/product_tag?post=712"}],"curies":[{"name":"wp","href":"https:\/\/api.w.org\/{rel}","templated":true}]}}