{"id":708,"date":"2024-02-24T08:13:45","date_gmt":"2024-02-24T08:13:45","guid":{"rendered":"https:\/\/biotehum.com\/?post_type=product&#038;p=708"},"modified":"2024-02-29T08:52:39","modified_gmt":"2024-02-29T08:52:39","slug":"nubiore-alpha","status":"publish","type":"product","link":"https:\/\/biotehum.com\/es_mx\/producto\/nubiore-alpha\/","title":{"rendered":"Nubiore Alpha\u00ae"},"content":{"rendered":"","protected":false},"excerpt":{"rendered":"<p><span>Nubiore Alpha\u00ae Adult es una mezcla \u00fanica de amino\u00e1cidos y prote\u00ednas naturales espec\u00edficamente formulada para promover la reducci\u00f3n de m\u00faltiples s\u00edntomas derivados de lesiones, subdesarrollo y discapacidades neurol\u00f3gicas, mediante la activaci\u00f3n de mecanismos celulares normales que promueven el desarrollo, conexi\u00f3n y maduraci\u00f3n del cerebro. redes funcionales.<\/span><\/p>\n<p><span>Como complemento nutricional, supone una magn\u00edfica ayuda en el restablecimiento de los niveles normales de rendimiento y la expresi\u00f3n \u00f3ptima del rendimiento cognitivo.<\/span><\/p>\n<p><span>\u00a1Disfruta de Nubiore Alpha\u00ae Adult y experimenta el placer de un bienestar saludable y un rendimiento \u00f3ptimo!<\/span><\/p>","protected":false},"featured_media":709,"comment_status":"open","ping_status":"closed","template":"","meta":{"inline_featured_image":false,"site-sidebar-layout":"default","site-content-layout":"","ast-site-content-layout":"default","site-content-style":"default","site-sidebar-style":"default","ast-global-header-display":"","ast-banner-title-visibility":"","ast-main-header-display":"","ast-hfb-above-header-display":"","ast-hfb-below-header-display":"","ast-hfb-mobile-header-display":"","site-post-title":"","ast-breadcrumbs-content":"","ast-featured-img":"","footer-sml-layout":"","theme-transparent-header-meta":"default","adv-header-id-meta":"","stick-header-meta":"","header-above-stick-meta":"","header-main-stick-meta":"","header-below-stick-meta":"","astra-migrate-meta-layouts":"set","ast-page-background-enabled":"default","ast-page-background-meta":{"desktop":{"background-color":"","background-image":"","background-repeat":"repeat","background-position":"center center","background-size":"auto","background-attachment":"scroll","background-type":"","background-media":"","overlay-type":"","overlay-color":"","overlay-opacity":"","overlay-gradient":""},"tablet":{"background-color":"","background-image":"","background-repeat":"repeat","background-position":"center center","background-size":"auto","background-attachment":"scroll","background-type":"","background-media":"","overlay-type":"","overlay-color":"","overlay-opacity":"","overlay-gradient":""},"mobile":{"background-color":"","background-image":"","background-repeat":"repeat","background-position":"center center","background-size":"auto","background-attachment":"scroll","background-type":"","background-media":"","overlay-type":"","overlay-color":"","overlay-opacity":"","overlay-gradient":""}},"ast-content-background-meta":{"desktop":{"background-color":"var(--ast-global-color-5)","background-image":"","background-repeat":"repeat","background-position":"center center","background-size":"auto","background-attachment":"scroll","background-type":"","background-media":"","overlay-type":"","overlay-color":"","overlay-opacity":"","overlay-gradient":""},"tablet":{"background-color":"var(--ast-global-color-5)","background-image":"","background-repeat":"repeat","background-position":"center center","background-size":"auto","background-attachment":"scroll","background-type":"","background-media":"","overlay-type":"","overlay-color":"","overlay-opacity":"","overlay-gradient":""},"mobile":{"background-color":"var(--ast-global-color-5)","background-image":"","background-repeat":"repeat","background-position":"center center","background-size":"auto","background-attachment":"scroll","background-type":"","background-media":"","overlay-type":"","overlay-color":"","overlay-opacity":"","overlay-gradient":""}}},"product_brand":[],"product_cat":[21],"product_tag":[],"class_list":{"0":"post-708","1":"product","2":"type-product","3":"status-publish","4":"has-post-thumbnail","6":"product_cat-medicine","7":"desktop-align-left","8":"tablet-align-left","9":"mobile-align-left","11":"first","12":"instock","13":"shipping-taxable","14":"purchasable","15":"product-type-simple"},"_links":{"self":[{"href":"https:\/\/biotehum.com\/es_mx\/wp-json\/wp\/v2\/product\/708","targetHints":{"allow":["GET"]}}],"collection":[{"href":"https:\/\/biotehum.com\/es_mx\/wp-json\/wp\/v2\/product"}],"about":[{"href":"https:\/\/biotehum.com\/es_mx\/wp-json\/wp\/v2\/types\/product"}],"replies":[{"embeddable":true,"href":"https:\/\/biotehum.com\/es_mx\/wp-json\/wp\/v2\/comments?post=708"}],"wp:featuredmedia":[{"embeddable":true,"href":"https:\/\/biotehum.com\/es_mx\/wp-json\/wp\/v2\/media\/709"}],"wp:attachment":[{"href":"https:\/\/biotehum.com\/es_mx\/wp-json\/wp\/v2\/media?parent=708"}],"wp:term":[{"taxonomy":"product_brand","embeddable":true,"href":"https:\/\/biotehum.com\/es_mx\/wp-json\/wp\/v2\/product_brand?post=708"},{"taxonomy":"product_cat","embeddable":true,"href":"https:\/\/biotehum.com\/es_mx\/wp-json\/wp\/v2\/product_cat?post=708"},{"taxonomy":"product_tag","embeddable":true,"href":"https:\/\/biotehum.com\/es_mx\/wp-json\/wp\/v2\/product_tag?post=708"}],"curies":[{"name":"wp","href":"https:\/\/api.w.org\/{rel}","templated":true}]}}