{"id":704,"date":"2024-02-24T08:10:25","date_gmt":"2024-02-24T08:10:25","guid":{"rendered":"https:\/\/biotehum.com\/?post_type=product&#038;p=704"},"modified":"2024-02-29T08:52:50","modified_gmt":"2024-02-29T08:52:50","slug":"mygroff-daynite","status":"publish","type":"product","link":"https:\/\/biotehum.com\/es_mx\/producto\/mygroff-daynite\/","title":{"rendered":"Mygroff DayNite\u00ae"},"content":{"rendered":"","protected":false},"excerpt":{"rendered":"<p><a href=\"http:\/\/www.mygroff.com\/\">Mygroff DayNite<\/a> \u00ae es un producto natural con aplicaciones para la salud, \u00fanico en su clase, formulado para promover la reducci\u00f3n de los s\u00edntomas de la migra\u00f1a, complementando los mecanismos fisiol\u00f3gicos naturales que producen y mantienen niveles normales de actividad neurosensorial, como parte integral de nuestro equilibrio natural.<\/p>\n<p>Sus caracter\u00edsticas \u00fanicas lo posicionan como l\u00edder en una amplia variedad de opciones disponibles para las personas que sufren los molestos s\u00edntomas de la migra\u00f1a cr\u00f3nica (cefalea migra\u00f1osa) o aguda (ataques incapacitantes), como analg\u00e9sicos convencionales, remedios alternativos y medicinas a base de hierbas.<\/p>\n<p><a href=\"http:\/\/www.mygroff.com\/\">Mygroff DayNite<\/a> \u00ae no tiene efectos secundarios indeseables ni riesgos a largo plazo, ya que est\u00e1 compuesto exclusivamente de amino\u00e1cidos y prote\u00ednas naturales (en microdosis), que son una parte integral de nuestra bioqu\u00edmica normal.<\/p>\n<p>Como complemento nutricional utilizado durante 6 meses o m\u00e1s ofrece beneficios duraderos, no tiene efectos regresivos ni de rebote, cuenta con un s\u00f3lido respaldo cient\u00edfico y 25 a\u00f1os de experiencia cl\u00ednica con resultados \u00f3ptimos que hablan por s\u00ed solos.<\/p>\n<p>Disfrutar <a href=\"http:\/\/www.mygroff.com\/\">Mygroff DayNite<\/a> y olv\u00eddate de tus dolores de cabeza, recuperando tu sonrisa y alegr\u00eda por la vida, para disfrutar del estado saludable y natural que siempre deseas y aprecias!<\/p>\n<p>Para obtener informaci\u00f3n m\u00e1s detallada, visite el sitio web del producto: <a href=\"http:\/\/www.mygroff.com\/\">www.mygroff.com<\/a><\/p>","protected":false},"featured_media":719,"comment_status":"open","ping_status":"closed","template":"","meta":{"inline_featured_image":false,"site-sidebar-layout":"default","site-content-layout":"","ast-site-content-layout":"default","site-content-style":"default","site-sidebar-style":"default","ast-global-header-display":"","ast-banner-title-visibility":"","ast-main-header-display":"","ast-hfb-above-header-display":"","ast-hfb-below-header-display":"","ast-hfb-mobile-header-display":"","site-post-title":"","ast-breadcrumbs-content":"","ast-featured-img":"","footer-sml-layout":"","theme-transparent-header-meta":"default","adv-header-id-meta":"","stick-header-meta":"","header-above-stick-meta":"","header-main-stick-meta":"","header-below-stick-meta":"","astra-migrate-meta-layouts":"set","ast-page-background-enabled":"default","ast-page-background-meta":{"desktop":{"background-color":"","background-image":"","background-repeat":"repeat","background-position":"center center","background-size":"auto","background-attachment":"scroll","background-type":"","background-media":"","overlay-type":"","overlay-color":"","overlay-opacity":"","overlay-gradient":""},"tablet":{"background-color":"","background-image":"","background-repeat":"repeat","background-position":"center center","background-size":"auto","background-attachment":"scroll","background-type":"","background-media":"","overlay-type":"","overlay-color":"","overlay-opacity":"","overlay-gradient":""},"mobile":{"background-color":"","background-image":"","background-repeat":"repeat","background-position":"center center","background-size":"auto","background-attachment":"scroll","background-type":"","background-media":"","overlay-type":"","overlay-color":"","overlay-opacity":"","overlay-gradient":""}},"ast-content-background-meta":{"desktop":{"background-color":"var(--ast-global-color-5)","background-image":"","background-repeat":"repeat","background-position":"center center","background-size":"auto","background-attachment":"scroll","background-type":"","background-media":"","overlay-type":"","overlay-color":"","overlay-opacity":"","overlay-gradient":""},"tablet":{"background-color":"var(--ast-global-color-5)","background-image":"","background-repeat":"repeat","background-position":"center center","background-size":"auto","background-attachment":"scroll","background-type":"","background-media":"","overlay-type":"","overlay-color":"","overlay-opacity":"","overlay-gradient":""},"mobile":{"background-color":"var(--ast-global-color-5)","background-image":"","background-repeat":"repeat","background-position":"center center","background-size":"auto","background-attachment":"scroll","background-type":"","background-media":"","overlay-type":"","overlay-color":"","overlay-opacity":"","overlay-gradient":""}}},"product_brand":[],"product_cat":[21],"product_tag":[],"class_list":{"0":"post-704","1":"product","2":"type-product","3":"status-publish","4":"has-post-thumbnail","6":"product_cat-medicine","7":"desktop-align-left","8":"tablet-align-left","9":"mobile-align-left","11":"first","12":"instock","13":"shipping-taxable","14":"purchasable","15":"product-type-simple"},"_links":{"self":[{"href":"https:\/\/biotehum.com\/es_mx\/wp-json\/wp\/v2\/product\/704","targetHints":{"allow":["GET"]}}],"collection":[{"href":"https:\/\/biotehum.com\/es_mx\/wp-json\/wp\/v2\/product"}],"about":[{"href":"https:\/\/biotehum.com\/es_mx\/wp-json\/wp\/v2\/types\/product"}],"replies":[{"embeddable":true,"href":"https:\/\/biotehum.com\/es_mx\/wp-json\/wp\/v2\/comments?post=704"}],"wp:featuredmedia":[{"embeddable":true,"href":"https:\/\/biotehum.com\/es_mx\/wp-json\/wp\/v2\/media\/719"}],"wp:attachment":[{"href":"https:\/\/biotehum.com\/es_mx\/wp-json\/wp\/v2\/media?parent=704"}],"wp:term":[{"taxonomy":"product_brand","embeddable":true,"href":"https:\/\/biotehum.com\/es_mx\/wp-json\/wp\/v2\/product_brand?post=704"},{"taxonomy":"product_cat","embeddable":true,"href":"https:\/\/biotehum.com\/es_mx\/wp-json\/wp\/v2\/product_cat?post=704"},{"taxonomy":"product_tag","embeddable":true,"href":"https:\/\/biotehum.com\/es_mx\/wp-json\/wp\/v2\/product_tag?post=704"}],"curies":[{"name":"wp","href":"https:\/\/api.w.org\/{rel}","templated":true}]}}