{"id":943,"date":"2024-02-25T06:35:44","date_gmt":"2024-02-25T06:35:44","guid":{"rendered":"https:\/\/biotehum.com\/?page_id=943"},"modified":"2024-03-06T17:41:38","modified_gmt":"2024-03-06T17:41:38","slug":"services","status":"publish","type":"page","link":"https:\/\/biotehum.com\/es_mx\/services\/","title":{"rendered":"Servicios"},"content":{"rendered":"<div data-elementor-type=\"wp-page\" data-elementor-id=\"943\" class=\"elementor elementor-943\">\n\t\t\t\t<div class=\"elementor-element elementor-element-d5c670f e-flex e-con-boxed e-con e-parent\" data-id=\"d5c670f\" data-element_type=\"container\" data-settings=\"{&quot;background_background&quot;:&quot;classic&quot;}\">\n\t\t\t\t\t<div class=\"e-con-inner\">\n\t\t<div class=\"elementor-element elementor-element-a67a179 e-con-full e-flex e-con e-child\" data-id=\"a67a179\" data-element_type=\"container\">\n\t\t\t\t<div class=\"elementor-element elementor-element-a77155a elementor-widget elementor-widget-image\" data-id=\"a77155a\" data-element_type=\"widget\" data-widget_type=\"image.default\">\n\t\t\t\t<div class=\"elementor-widget-container\">\n\t\t\t\t\t\t\t\t\t\t\t\t\t\t\t<img decoding=\"async\" width=\"323\" height=\"101\" src=\"https:\/\/biotehum.com\/wp-content\/uploads\/2024\/02\/biotehum__logo2.png\" class=\"attachment-full size-full wp-image-855\" alt=\"\" srcset=\"https:\/\/biotehum.com\/wp-content\/uploads\/2024\/02\/biotehum__logo2.png 323w, https:\/\/biotehum.com\/wp-content\/uploads\/2024\/02\/biotehum__logo2-300x94.png 300w\" sizes=\"(max-width: 323px) 100vw, 323px\" \/>\t\t\t\t\t\t\t\t\t\t\t\t\t\t\t<\/div>\n\t\t\t\t<\/div>\n\t\t\t\t<div class=\"elementor-element elementor-element-ac190f5 elementor-widget elementor-widget-text-editor\" data-id=\"ac190f5\" data-element_type=\"widget\" data-widget_type=\"text-editor.default\">\n\t\t\t\t<div class=\"elementor-widget-container\">\n\t\t\t\t\t\t\t\t\t<p>FOLLOWING NATURE&#8217;S TENDENCIES TOWARDS AN<br \/>UNA ARMON\u00cdA INTEGRAL.<\/p>\t\t\t\t\t\t\t\t<\/div>\n\t\t\t\t<\/div>\n\t\t\t\t<\/div>\n\t\t<div class=\"elementor-element elementor-element-a5ada35 e-con-full elementor-hidden-mobile e-flex e-con e-child\" data-id=\"a5ada35\" data-element_type=\"container\">\n\t\t\t\t<div class=\"elementor-element elementor-element-2ab9104 elementor-widget elementor-widget-image\" data-id=\"2ab9104\" data-element_type=\"widget\" data-widget_type=\"image.default\">\n\t\t\t\t<div class=\"elementor-widget-container\">\n\t\t\t\t\t\t\t\t\t\t\t\t\t\t\t<img decoding=\"async\" width=\"48\" height=\"48\" src=\"https:\/\/biotehum.com\/wp-content\/uploads\/2024\/02\/Elipse-Black-2.png\" class=\"attachment-medium size-medium wp-image-658\" alt=\"\" \/>\t\t\t\t\t\t\t\t\t\t\t\t\t\t\t<\/div>\n\t\t\t\t<\/div>\n\t\t\t\t<\/div>\n\t\t\t\t\t<\/div>\n\t\t\t\t<\/div>\n\t\t<div class=\"elementor-element elementor-element-0f03562 e-flex e-con-boxed e-con e-parent\" data-id=\"0f03562\" data-element_type=\"container\" data-settings=\"{&quot;background_background&quot;:&quot;classic&quot;}\">\n\t\t\t\t\t<div class=\"e-con-inner\">\n\t\t\t\t<div class=\"elementor-element elementor-element-b306b72 elementor-widget elementor-widget-heading\" data-id=\"b306b72\" data-element_type=\"widget\" data-widget_type=\"heading.default\">\n\t\t\t\t<div class=\"elementor-widget-container\">\n\t\t\t\t\t<h2 class=\"elementor-heading-title elementor-size-default\">SERVICIOS<\/h2>\t\t\t\t<\/div>\n\t\t\t\t<\/div>\n\t\t\t\t<div class=\"elementor-element elementor-element-0b2d30b animated-slow elementor-widget-divider--view-line elementor-invisible elementor-widget elementor-widget-divider\" data-id=\"0b2d30b\" data-element_type=\"widget\" data-settings=\"{&quot;_animation&quot;:&quot;fadeInUp&quot;}\" data-widget_type=\"divider.default\">\n\t\t\t\t<div class=\"elementor-widget-container\">\n\t\t\t\t\t\t\t<div class=\"elementor-divider\">\n\t\t\t<span class=\"elementor-divider-separator\">\n\t\t\t\t\t\t<\/span>\n\t\t<\/div>\n\t\t\t\t\t\t<\/div>\n\t\t\t\t<\/div>\n\t\t\t\t<div class=\"elementor-element elementor-element-19cc358 elementor-widget elementor-widget-text-editor\" data-id=\"19cc358\" data-element_type=\"widget\" data-widget_type=\"text-editor.default\">\n\t\t\t\t<div class=\"elementor-widget-container\">\n\t\t\t\t\t\t\t\t\t<p>Biotehum\u00ae Laboratorios es una Empresa dedicada a la investigaci\u00f3n, el desarrollo y la creaci\u00f3n de nuevas soluciones naturales en el campo de la salud por medio de la integraci\u00f3n de la Naturaleza, la Ciencia y la Tecnolog\u00eda, en una mezcla arm\u00f3nica y perfecta, donde los descubrimientos cient\u00edficos son tecnol\u00f3gicamente implementados en productos \u00fatiles con una orientaci\u00f3n natural, inocua y sana.<\/p><p>Nuestra MISION es desarrollar y poner al alcance de quien lo necesita, soluciones naturop\u00e1ticas de fondo y nutraceuticos con beneficios duraderos o permanentes en el campo de la salud, de una forma segura, eficaz y saludable.<\/p>\t\t\t\t\t\t\t\t<\/div>\n\t\t\t\t<\/div>\n\t\t\t\t<div class=\"elementor-element elementor-element-5097d6d elementor-widget elementor-widget-text-editor\" data-id=\"5097d6d\" data-element_type=\"widget\" data-widget_type=\"text-editor.default\">\n\t\t\t\t<div class=\"elementor-widget-container\">\n\t\t\t\t\t\t\t\t\t<p><strong>\u00bfNecesita ayuda con su compra?<br \/><\/strong>le invitamos a\u00a0<a href=\"https:\/\/youtu.be\/XXvazOBbJHA\" target=\"blank\">Consultar este tutorial.<\/a><\/p>\t\t\t\t\t\t\t\t<\/div>\n\t\t\t\t<\/div>\n\t\t\t\t\t<\/div>\n\t\t\t\t<\/div>\n\t\t\t\t<section class=\"elementor-section elementor-top-section elementor-element elementor-element-6ed59e92 elementor-section-boxed elementor-section-height-default elementor-section-height-default\" data-id=\"6ed59e92\" data-element_type=\"section\" data-settings=\"{&quot;background_background&quot;:&quot;classic&quot;}\">\n\t\t\t\t\t\t<div class=\"elementor-container elementor-column-gap-extended\">\n\t\t\t\t\t<div class=\"elementor-column elementor-col-33 elementor-top-column elementor-element elementor-element-561bc235\" data-id=\"561bc235\" data-element_type=\"column\">\n\t\t\t<div class=\"elementor-widget-wrap elementor-element-populated\">\n\t\t\t\t\t\t<div class=\"elementor-element elementor-element-5917b156 elementor-widget elementor-widget-image\" data-id=\"5917b156\" data-element_type=\"widget\" data-widget_type=\"image.default\">\n\t\t\t\t<div class=\"elementor-widget-container\">\n\t\t\t\t\t\t\t\t\t\t\t\t\t\t\t\t<a href=\"https:\/\/biotehum.com\/wp-content\/uploads\/2024\/02\/Valoracion_Funcional.jpg\" data-elementor-open-lightbox=\"yes\" data-elementor-lightbox-title=\"Valoracion_Funcional\" data-e-action-hash=\"#elementor-action%3Aaction%3Dlightbox%26settings%3DeyJpZCI6OTUwLCJ1cmwiOiJodHRwczpcL1wvYmlvdGVodW0uY29tXC93cC1jb250ZW50XC91cGxvYWRzXC8yMDI0XC8wMlwvVmFsb3JhY2lvbl9GdW5jaW9uYWwuanBnIn0%3D\">\n\t\t\t\t\t\t\t<img fetchpriority=\"high\" decoding=\"async\" width=\"459\" height=\"318\" src=\"https:\/\/biotehum.com\/wp-content\/uploads\/2024\/02\/Valoracion_Funcional.jpg\" class=\"attachment-full size-full wp-image-950\" alt=\"\" srcset=\"https:\/\/biotehum.com\/wp-content\/uploads\/2024\/02\/Valoracion_Funcional.jpg 459w, https:\/\/biotehum.com\/wp-content\/uploads\/2024\/02\/Valoracion_Funcional-300x208.jpg 300w\" sizes=\"(max-width: 459px) 100vw, 459px\" \/>\t\t\t\t\t\t\t\t<\/a>\n\t\t\t\t\t\t\t\t\t\t\t\t\t\t\t<\/div>\n\t\t\t\t<\/div>\n\t\t\t\t<div class=\"elementor-element elementor-element-66075675 animated-slow elementor-invisible elementor-widget elementor-widget-heading\" data-id=\"66075675\" data-element_type=\"widget\" data-settings=\"{&quot;_animation&quot;:&quot;fadeInUp&quot;}\" data-widget_type=\"heading.default\">\n\t\t\t\t<div class=\"elementor-widget-container\">\n\t\t\t\t\t<h6 class=\"elementor-heading-title elementor-size-default\">VALORACION FUNCIONAL\n<\/h6>\t\t\t\t<\/div>\n\t\t\t\t<\/div>\n\t\t\t\t<div class=\"elementor-element elementor-element-25829eb3 elementor-widget elementor-widget-text-editor\" data-id=\"25829eb3\" data-element_type=\"widget\" data-widget_type=\"text-editor.default\">\n\t\t\t\t<div class=\"elementor-widget-container\">\n\t\t\t\t\t\t\t\t\t<p>Estudio neurofisiol\u00f3gico que comprende electroencefalograma digital de 22 canales con mapeo cerebral y otros aplicables, auxiliares en la valoraci\u00f3n de las funciones cerebrales y cognitivas principales.<\/p>\t\t\t\t\t\t\t\t<\/div>\n\t\t\t\t<\/div>\n\t\t\t\t<div class=\"elementor-element elementor-element-e361039 elementor-align-center elementor-widget elementor-widget-button\" data-id=\"e361039\" data-element_type=\"widget\" data-widget_type=\"button.default\">\n\t\t\t\t<div class=\"elementor-widget-container\">\n\t\t\t\t\t\t\t\t\t<div class=\"elementor-button-wrapper\">\n\t\t\t\t\t<a class=\"elementor-button elementor-button-link elementor-size-sm\" href=\"https:\/\/biotehum.com\/es_mx\/?add-to-cart=949\">\n\t\t\t\t\t\t<span class=\"elementor-button-content-wrapper\">\n\t\t\t\t\t\t\t\t\t<span class=\"elementor-button-text\">Comprar ahora - $360 USD<\/span>\n\t\t\t\t\t<\/span>\n\t\t\t\t\t<\/a>\n\t\t\t\t<\/div>\n\t\t\t\t\t\t\t\t<\/div>\n\t\t\t\t<\/div>\n\t\t\t\t\t<\/div>\n\t\t<\/div>\n\t\t\t\t<div class=\"elementor-column elementor-col-33 elementor-top-column elementor-element elementor-element-8ec6b23\" data-id=\"8ec6b23\" data-element_type=\"column\">\n\t\t\t<div class=\"elementor-widget-wrap elementor-element-populated\">\n\t\t\t\t\t\t<div class=\"elementor-element elementor-element-6563a766 elementor-widget elementor-widget-image\" data-id=\"6563a766\" data-element_type=\"widget\" data-widget_type=\"image.default\">\n\t\t\t\t<div class=\"elementor-widget-container\">\n\t\t\t\t\t\t\t\t\t\t\t\t\t\t\t\t<a href=\"https:\/\/biotehum.com\/wp-content\/uploads\/2024\/02\/Consulta_de_Asesoria.jpg\" data-elementor-open-lightbox=\"yes\" data-elementor-lightbox-title=\"Consulta_de_Asesoria\" data-e-action-hash=\"#elementor-action%3Aaction%3Dlightbox%26settings%3DeyJpZCI6OTUyLCJ1cmwiOiJodHRwczpcL1wvYmlvdGVodW0uY29tXC93cC1jb250ZW50XC91cGxvYWRzXC8yMDI0XC8wMlwvQ29uc3VsdGFfZGVfQXNlc29yaWEuanBnIn0%3D\">\n\t\t\t\t\t\t\t<img loading=\"lazy\" decoding=\"async\" width=\"459\" height=\"318\" src=\"https:\/\/biotehum.com\/wp-content\/uploads\/2024\/02\/Consulta_de_Asesoria.jpg\" class=\"attachment-full size-full wp-image-952\" alt=\"\" srcset=\"https:\/\/biotehum.com\/wp-content\/uploads\/2024\/02\/Consulta_de_Asesoria.jpg 459w, https:\/\/biotehum.com\/wp-content\/uploads\/2024\/02\/Consulta_de_Asesoria-300x208.jpg 300w\" sizes=\"(max-width: 459px) 100vw, 459px\" \/>\t\t\t\t\t\t\t\t<\/a>\n\t\t\t\t\t\t\t\t\t\t\t\t\t\t\t<\/div>\n\t\t\t\t<\/div>\n\t\t\t\t<div class=\"elementor-element elementor-element-4d44a0ea animated-slow elementor-invisible elementor-widget elementor-widget-heading\" data-id=\"4d44a0ea\" data-element_type=\"widget\" data-settings=\"{&quot;_animation&quot;:&quot;fadeInUp&quot;}\" data-widget_type=\"heading.default\">\n\t\t\t\t<div class=\"elementor-widget-container\">\n\t\t\t\t\t<h6 class=\"elementor-heading-title elementor-size-default\">CONSULTA DE ASESORIA\n<\/h6>\t\t\t\t<\/div>\n\t\t\t\t<\/div>\n\t\t\t\t<div class=\"elementor-element elementor-element-256c13bc elementor-widget elementor-widget-text-editor\" data-id=\"256c13bc\" data-element_type=\"widget\" data-widget_type=\"text-editor.default\">\n\t\t\t\t<div class=\"elementor-widget-container\">\n\t\t\t\t\t\t\t\t\t<p>Si usted est\u00e1 interesado en exponer su caso con detalle y aclarar sus dudas espec\u00edficas, adem\u00e1s de recibir nuestra recomendaci\u00f3n de los productos ideales para usted.<\/p>\t\t\t\t\t\t\t\t<\/div>\n\t\t\t\t<\/div>\n\t\t\t\t<div class=\"elementor-element elementor-element-bc45b07 elementor-align-center elementor-widget elementor-widget-button\" data-id=\"bc45b07\" data-element_type=\"widget\" data-widget_type=\"button.default\">\n\t\t\t\t<div class=\"elementor-widget-container\">\n\t\t\t\t\t\t\t\t\t<div class=\"elementor-button-wrapper\">\n\t\t\t\t\t<a class=\"elementor-button elementor-button-link elementor-size-sm\" href=\"https:\/\/biotehum.com\/es_mx\/?add-to-cart=951\">\n\t\t\t\t\t\t<span class=\"elementor-button-content-wrapper\">\n\t\t\t\t\t\t\t\t\t<span class=\"elementor-button-text\">Comprar ahora - $120 USD<\/span>\n\t\t\t\t\t<\/span>\n\t\t\t\t\t<\/a>\n\t\t\t\t<\/div>\n\t\t\t\t\t\t\t\t<\/div>\n\t\t\t\t<\/div>\n\t\t\t\t\t<\/div>\n\t\t<\/div>\n\t\t\t\t<div class=\"elementor-column elementor-col-33 elementor-top-column elementor-element elementor-element-51cdc6c2\" data-id=\"51cdc6c2\" data-element_type=\"column\">\n\t\t\t<div class=\"elementor-widget-wrap elementor-element-populated\">\n\t\t\t\t\t\t<div class=\"elementor-element elementor-element-6064b546 elementor-widget elementor-widget-image\" data-id=\"6064b546\" data-element_type=\"widget\" data-widget_type=\"image.default\">\n\t\t\t\t<div class=\"elementor-widget-container\">\n\t\t\t\t\t\t\t\t\t\t\t\t\t\t\t\t<a href=\"https:\/\/biotehum.com\/wp-content\/uploads\/2024\/02\/consulta-on-line.png\" data-elementor-open-lightbox=\"yes\" data-elementor-lightbox-title=\"consulta-on-line\" data-e-action-hash=\"#elementor-action%3Aaction%3Dlightbox%26settings%3DeyJpZCI6OTU0LCJ1cmwiOiJodHRwczpcL1wvYmlvdGVodW0uY29tXC93cC1jb250ZW50XC91cGxvYWRzXC8yMDI0XC8wMlwvY29uc3VsdGEtb24tbGluZS5wbmcifQ%3D%3D\">\n\t\t\t\t\t\t\t<img loading=\"lazy\" decoding=\"async\" width=\"459\" height=\"318\" src=\"https:\/\/biotehum.com\/wp-content\/uploads\/2024\/02\/consulta-on-line.png\" class=\"attachment-full size-full wp-image-954\" alt=\"\" srcset=\"https:\/\/biotehum.com\/wp-content\/uploads\/2024\/02\/consulta-on-line.png 459w, https:\/\/biotehum.com\/wp-content\/uploads\/2024\/02\/consulta-on-line-300x208.png 300w\" sizes=\"(max-width: 459px) 100vw, 459px\" \/>\t\t\t\t\t\t\t\t<\/a>\n\t\t\t\t\t\t\t\t\t\t\t\t\t\t\t<\/div>\n\t\t\t\t<\/div>\n\t\t\t\t<div class=\"elementor-element elementor-element-468e83f9 animated-slow elementor-invisible elementor-widget elementor-widget-heading\" data-id=\"468e83f9\" data-element_type=\"widget\" data-settings=\"{&quot;_animation&quot;:&quot;fadeInUp&quot;}\" data-widget_type=\"heading.default\">\n\t\t\t\t<div class=\"elementor-widget-container\">\n\t\t\t\t\t<h6 class=\"elementor-heading-title elementor-size-default\">ASESORIA EN-LINEA\n<\/h6>\t\t\t\t<\/div>\n\t\t\t\t<\/div>\n\t\t\t\t<div class=\"elementor-element elementor-element-4582298f elementor-widget elementor-widget-text-editor\" data-id=\"4582298f\" data-element_type=\"widget\" data-widget_type=\"text-editor.default\">\n\t\t\t\t<div class=\"elementor-widget-container\">\n\t\t\t\t\t\t\t\t\t<p>Si usted est\u00e1 interesado en recibir solamente nuestra recomendaci\u00f3n personalizada sobre los productos ideales para usted.<\/p>\t\t\t\t\t\t\t\t<\/div>\n\t\t\t\t<\/div>\n\t\t\t\t<div class=\"elementor-element elementor-element-06bba7f elementor-widget elementor-widget-spacer\" data-id=\"06bba7f\" data-element_type=\"widget\" data-widget_type=\"spacer.default\">\n\t\t\t\t<div class=\"elementor-widget-container\">\n\t\t\t\t\t\t\t<div class=\"elementor-spacer\">\n\t\t\t<div class=\"elementor-spacer-inner\"><\/div>\n\t\t<\/div>\n\t\t\t\t\t\t<\/div>\n\t\t\t\t<\/div>\n\t\t\t\t<div class=\"elementor-element elementor-element-bc2a34c elementor-align-center elementor-widget elementor-widget-button\" data-id=\"bc2a34c\" data-element_type=\"widget\" data-widget_type=\"button.default\">\n\t\t\t\t<div class=\"elementor-widget-container\">\n\t\t\t\t\t\t\t\t\t<div class=\"elementor-button-wrapper\">\n\t\t\t\t\t<a class=\"elementor-button elementor-button-link elementor-size-sm\" href=\"https:\/\/biotehum.com\/es_mx\/?add-to-cart=953\">\n\t\t\t\t\t\t<span class=\"elementor-button-content-wrapper\">\n\t\t\t\t\t\t\t\t\t<span class=\"elementor-button-text\">Comprar ahora - $60 USD<\/span>\n\t\t\t\t\t<\/span>\n\t\t\t\t\t<\/a>\n\t\t\t\t<\/div>\n\t\t\t\t\t\t\t\t<\/div>\n\t\t\t\t<\/div>\n\t\t\t\t\t<\/div>\n\t\t<\/div>\n\t\t\t\t\t<\/div>\n\t\t<\/section>\n\t\t\t\t<\/div>","protected":false},"excerpt":{"rendered":"<p>FOLLOWING NATURE&#8217;S TENDENCIES TOWARDS ANINTEGRAL HARMONY. Our Services Biotehum\u00ae Laboratories is a Company dedicated to the research, development and creation of new natural solutions in the field of health through the integration of Nature, Science and Technology, in a harmonious and perfect mix, where Scientific discoveries are technologically implemented into useful products with a natural, [&hellip;]<\/p>","protected":false},"author":1,"featured_media":0,"parent":0,"menu_order":0,"comment_status":"closed","ping_status":"closed","template":"","meta":{"inline_featured_image":false,"site-sidebar-layout":"no-sidebar","site-content-layout":"page-builder","ast-site-content-layout":"full-width-container","site-content-style":"default","site-sidebar-style":"default","ast-global-header-display":"","ast-banner-title-visibility":"","ast-main-header-display":"","ast-hfb-above-header-display":"","ast-hfb-below-header-display":"","ast-hfb-mobile-header-display":"","site-post-title":"disabled","ast-breadcrumbs-content":"","ast-featured-img":"disabled","footer-sml-layout":"","theme-transparent-header-meta":"","adv-header-id-meta":"","stick-header-meta":"","header-above-stick-meta":"","header-main-stick-meta":"","header-below-stick-meta":"","astra-migrate-meta-layouts":"set","ast-page-background-enabled":"default","ast-page-background-meta":{"desktop":{"background-color":"","background-image":"","background-repeat":"repeat","background-position":"center center","background-size":"auto","background-attachment":"scroll","background-type":"","background-media":"","overlay-type":"","overlay-color":"","overlay-opacity":"","overlay-gradient":""},"tablet":{"background-color":"","background-image":"","background-repeat":"repeat","background-position":"center center","background-size":"auto","background-attachment":"scroll","background-type":"","background-media":"","overlay-type":"","overlay-color":"","overlay-opacity":"","overlay-gradient":""},"mobile":{"background-color":"","background-image":"","background-repeat":"repeat","background-position":"center center","background-size":"auto","background-attachment":"scroll","background-type":"","background-media":"","overlay-type":"","overlay-color":"","overlay-opacity":"","overlay-gradient":""}},"ast-content-background-meta":{"desktop":{"background-color":"var(--ast-global-color-5)","background-image":"","background-repeat":"repeat","background-position":"center center","background-size":"auto","background-attachment":"scroll","background-type":"","background-media":"","overlay-type":"","overlay-color":"","overlay-opacity":"","overlay-gradient":""},"tablet":{"background-color":"var(--ast-global-color-5)","background-image":"","background-repeat":"repeat","background-position":"center center","background-size":"auto","background-attachment":"scroll","background-type":"","background-media":"","overlay-type":"","overlay-color":"","overlay-opacity":"","overlay-gradient":""},"mobile":{"background-color":"var(--ast-global-color-5)","background-image":"","background-repeat":"repeat","background-position":"center center","background-size":"auto","background-attachment":"scroll","background-type":"","background-media":"","overlay-type":"","overlay-color":"","overlay-opacity":"","overlay-gradient":""}},"footnotes":""},"class_list":["post-943","page","type-page","status-publish","hentry"],"_links":{"self":[{"href":"https:\/\/biotehum.com\/es_mx\/wp-json\/wp\/v2\/pages\/943","targetHints":{"allow":["GET"]}}],"collection":[{"href":"https:\/\/biotehum.com\/es_mx\/wp-json\/wp\/v2\/pages"}],"about":[{"href":"https:\/\/biotehum.com\/es_mx\/wp-json\/wp\/v2\/types\/page"}],"author":[{"embeddable":true,"href":"https:\/\/biotehum.com\/es_mx\/wp-json\/wp\/v2\/users\/1"}],"replies":[{"embeddable":true,"href":"https:\/\/biotehum.com\/es_mx\/wp-json\/wp\/v2\/comments?post=943"}],"version-history":[{"count":79,"href":"https:\/\/biotehum.com\/es_mx\/wp-json\/wp\/v2\/pages\/943\/revisions"}],"predecessor-version":[{"id":1549,"href":"https:\/\/biotehum.com\/es_mx\/wp-json\/wp\/v2\/pages\/943\/revisions\/1549"}],"wp:attachment":[{"href":"https:\/\/biotehum.com\/es_mx\/wp-json\/wp\/v2\/media?parent=943"}],"curies":[{"name":"wp","href":"https:\/\/api.w.org\/{rel}","templated":true}]}}