{"id":3,"date":"2024-02-23T04:56:42","date_gmt":"2024-02-23T04:56:42","guid":{"rendered":"https:\/\/biotehum.com\/?page_id=3"},"modified":"2024-03-03T04:30:31","modified_gmt":"2024-03-03T04:30:31","slug":"privacy-policy","status":"publish","type":"page","link":"https:\/\/biotehum.com\/es_mx\/privacy-policy\/","title":{"rendered":"POLITICA DE PRIVACIDAD"},"content":{"rendered":"<div data-elementor-type=\"wp-page\" data-elementor-id=\"3\" class=\"elementor elementor-3\">\n\t\t\t\t<div class=\"elementor-element elementor-element-5523c188 e-flex e-con-boxed e-con e-parent\" data-id=\"5523c188\" data-element_type=\"container\">\n\t\t\t\t\t<div class=\"e-con-inner\">\n\t\t\t\t<div class=\"elementor-element elementor-element-e9d9bc8 elementor-widget elementor-widget-heading\" data-id=\"e9d9bc8\" data-element_type=\"widget\" data-widget_type=\"heading.default\">\n\t\t\t\t<div class=\"elementor-widget-container\">\n\t\t\t\t\t<h2 class=\"elementor-heading-title elementor-size-default\">POLITICA DE PRIVACIDAD<\/h2>\t\t\t\t<\/div>\n\t\t\t\t<\/div>\n\t\t\t\t<div class=\"elementor-element elementor-element-13acae1 elementor-widget elementor-widget-text-editor\" data-id=\"13acae1\" data-element_type=\"widget\" data-widget_type=\"text-editor.default\">\n\t\t\t\t<div class=\"elementor-widget-container\">\n\t\t\t\t\t\t\t\t\t<p class=\"translation-block\">SECCI\u00d3N 1 \u2013 \u00bfQU\u00c9 HACEMOS CON TU INFORMACI\u00d3N?\nCuando compras algo en nuestra tienda, como parte del proceso de compra y venta, nos otorgas tu permiso impl\u00edcito para que recopilemos la informaci\u00f3n personal que compartes con nosotros, como tu nombre, direcci\u00f3n y direcci\u00f3n de correo electr\u00f3nico.\nCuando navega por nuestra tienda, tambi\u00e9n recibimos autom\u00e1ticamente la direcci\u00f3n de protocolo de Internet (IP) de su computadora para brindarnos informaci\u00f3n que nos ayude a conocer su navegador y sistema operativo, relacionados con su visita a nuestro sitio web.\nMarketing por correo electr\u00f3nico (si corresponde): al comprar nuestros productos, impl\u00edcitamente nos otorga su permiso para enviarle correos electr\u00f3nicos sobre nuestra tienda, nuevos productos y otras actualizaciones. Puede optar por no recibir nuestros mensajes de correo electr\u00f3nico en cualquier momento.<\/p>\n<p class=\"translation-block\">SECCI\u00d3N 2 \u2013 CONSENTIMIENTO\nCuando nos proporciona informaci\u00f3n personal para completar una transacci\u00f3n, verificar su tarjeta de cr\u00e9dito, realizar un pedido, coordinar una entrega o devolver una compra, implicamos que acepta que la recopilemos y la usemos para ese prop\u00f3sito espec\u00edfico y relacionado.\nSi solicitamos su informaci\u00f3n personal por otros motivos de marketing, como marketing, le pediremos directamente su consentimiento expreso o le brindaremos la oportunidad de aceptarlo o no.\nRETIRADA DEL CONSENTIMIENTO\nSi despu\u00e9s de aceptar cambia de opini\u00f3n, puede retirar su consentimiento para que nos comuniquemos con usted, para continuar con la recopilaci\u00f3n, el uso o la divulgaci\u00f3n de su informaci\u00f3n, en cualquier momento, comunic\u00e1ndose con nosotros por correo electr\u00f3nico a info@ biotehum.com<\/p>\n<p><\/p>\n<p class=\"translation-block\">SECCI\u00d3N 3 \u2013 DIVULGACI\u00d3N\nPodemos divulgar su informaci\u00f3n personal si la ley nos exige hacerlo o si usted viola nuestros T\u00e9rminos de servicio.\nComo parte de nuestras estrategias de marketing, algunos casos de \u00e9xito se graban en v\u00eddeo como prueba para nuevos clientes potenciales, informando de antemano a los participantes sobre dicho caso de \u00e9xito de la grabaci\u00f3n y pidi\u00e9ndoles permiso para utilizar dicha(s) grabaci\u00f3n(es) de v\u00eddeo para el objetivo principal de informar a otras personas del \u00e9xito alcanzado. Cuando acepta participar en dichas grabaciones, impl\u00edcitamente nos otorga su permiso para conservar y utilizar su informaci\u00f3n y grabaciones de video para fines estad\u00edsticos, cient\u00edficos, educativos y comerciales, como parte del desarrollo de nuestra empresa. Puede retirar dicho permiso de divulgaci\u00f3n en cualquier momento contact\u00e1ndonos por correo electr\u00f3nico a info@biotehum.com con su solicitud por escrito.<\/p>\n<p><\/p>\n<p class=\"translation-block\">SECCI\u00d3N 4 \u2013 NOMBRE BARATO\nActualmente, nuestra tienda est\u00e1 alojada en namecheap.com. Esta empresa nos proporciona una plataforma de comercio electr\u00f3nico en l\u00ednea que nos permite venderle nuestros productos y servicios.\nSus datos se almacenan a trav\u00e9s del almacenamiento de datos, las bases de datos y la aplicaci\u00f3n general de Namecheap. Almacenan sus datos en un servidor seguro detr\u00e1s de un firewall. Si nuestro proveedor de servicios de plataforma de comercio electr\u00f3nico en l\u00ednea cambia a una empresa proveedora de servicios diferente, actualizaremos esta informaci\u00f3n con el nuevo nombre de la empresa proveedora de servicios, para su informaci\u00f3n.\nPAGOS\nSi elige una pasarela de pago directo para completar su compra, Stripe Platform almacena los datos de su tarjeta de cr\u00e9dito. Est\u00e1 cifrado mediante el Est\u00e1ndar de seguridad de datos de la industria de tarjetas de pago (PCI-DSS). Los datos de su transacci\u00f3n de compra se almacenan solo durante el tiempo necesario para completar su transacci\u00f3n de compra. Una vez completado, la informaci\u00f3n de su transacci\u00f3n de compra se elimina.\nTodas las pasarelas de pago directo cumplen con los est\u00e1ndares establecidos por PCI-DSS administrados por el PCI Security Standards Council, que es un esfuerzo conjunto de marcas como Visa, MasterCard, American Express y Discover.\nLos requisitos de PCI-DSS ayudan a garantizar el manejo seguro de la informaci\u00f3n de la tarjeta de cr\u00e9dito por parte de nuestra tienda y sus proveedores de servicios.\nPara obtener m\u00e1s informaci\u00f3n, es posible que tambi\u00e9n desee leer los T\u00e9rminos de servicio o la Declaraci\u00f3n de privacidad de Stripe en Stripe.com.<\/p>\n<p class=\"translation-block\">SECCI\u00d3N 5 \u2013 SERVICIOS DE TERCEROS\nEn general, los proveedores externos que utilizamos solo recopilar\u00e1n, usar\u00e1n y divulgar\u00e1n su informaci\u00f3n en la medida necesaria para permitirles realizar los servicios que nos brindan.\nSin embargo, ciertos proveedores de servicios externos, como pasarelas de pago y otros procesadores de transacciones de pago, tienen sus propias pol\u00edticas de privacidad con respecto a la informaci\u00f3n que debemos proporcionar para sus transacciones relacionadas con compras.\nPara estos proveedores, le recomendamos que lea sus respectivas pol\u00edticas de privacidad para que pueda comprender la manera en que estos proveedores manejar\u00e1n su informaci\u00f3n personal, seg\u00fan corresponda.\nEn particular, recuerde que ciertos proveedores pueden estar ubicados o tener instalaciones ubicadas en una jurisdicci\u00f3n diferente a la suya o la nuestra. Por lo tanto, si elige continuar con una transacci\u00f3n que involucra los servicios de un proveedor de servicios externo, entonces su informaci\u00f3n puede quedar sujeta a las leyes de la jurisdicci\u00f3n en la que se encuentran ese proveedor de servicios o sus instalaciones.\nPor ejemplo, si se encuentra en Canad\u00e1 y su transacci\u00f3n se procesa mediante una pasarela de pago en los Estados Unidos, entonces su informaci\u00f3n personal utilizada para completar esa transacci\u00f3n puede estar sujeta a divulgaci\u00f3n seg\u00fan la legislaci\u00f3n de los Estados Unidos, incluida la Ley Patriota.\nUna vez que abandona el sitio web de nuestra tienda o es redirigido a un sitio web o aplicaci\u00f3n de terceros, ya no se rige por esta Pol\u00edtica de privacidad ni por los T\u00e9rminos de servicio de nuestro sitio web.\nENLACES\nCuando hace clic en enlaces de nuestra tienda, es posible que lo redireccionen fuera de nuestro sitio. No somos responsables de las pr\u00e1cticas de privacidad de otros sitios y le recomendamos que lea sus declaraciones de privacidad para conocer sus respectivas pol\u00edticas.\nNuestra tienda puede utilizar ciertas plataformas o aplicaciones como Google Analytics, para ayudarnos a conocer sobre los visitantes de nuestro sitio web, sus horarios, informaci\u00f3n revisada y otros par\u00e1metros estad\u00edsticos que son \u00fatiles para seguir mejorando nuestro rendimiento.<\/p>\n<p class=\"translation-block\">SECCI\u00d3N 6 \u2013 SEGURIDAD\nPara proteger su informaci\u00f3n personal, tomamos precauciones razonables y seguimos las mejores pr\u00e1cticas de la industria para asegurarnos de que no se pierda, use indebidamente, acceda, divulgue, altere o venda de manera inapropiada.\nSi nos proporciona la informaci\u00f3n de su tarjeta de cr\u00e9dito, la informaci\u00f3n se cifra utilizando tecnolog\u00eda de capa de conexi\u00f3n segura (SSL) y se almacena con cifrado AES-256. Aunque ning\u00fan m\u00e9todo de transmisi\u00f3n a trav\u00e9s de Internet o almacenamiento electr\u00f3nico es 100 % seguro, seguimos todos los requisitos de PCI-DSS e implementamos est\u00e1ndares industriales adicionales generalmente aceptados.<\/p>\n<p class=\"translation-block\">SECCI\u00d3N 7 \u2013 COOKIES\nA continuaci\u00f3n se muestra una lista de cookies utilizadas. Las enumeramos aqu\u00ed para que pueda elegir si desea excluirse de las cookies o no.\n_session_id, token \u00fanico, de sesi\u00f3n. Permite que Stripe almacene informaci\u00f3n sobre su sesi\u00f3n (referente, p\u00e1gina de destino, etc.).\n_stripe_visit, no se retienen datos, persistente durante 30 minutos desde la \u00faltima visita, utilizado por el rastreador de estad\u00edsticas interno de nuestro proveedor de sitios web para registrar el n\u00famero de visitas\n_stripe_uniq, no se conservan datos, vence a la medianoche (en relaci\u00f3n con el visitante) del d\u00eda siguiente. Cuenta el n\u00famero de visitas a una tienda por parte de un solo cliente.\ncarrito, token \u00fanico, persistente durante 2 semanas, almacena informaci\u00f3n sobre el contenido de su carrito.\n_secure_session_id, token \u00fanico, de sesi\u00f3n\nstorefront_digest, token \u00fanico, indefinido. Si la tienda tiene una contrase\u00f1a, se utiliza para determinar si el visitante actual tiene acceso.\nGoogle Analytics:\nPREF, persistente durante un corto per\u00edodo de tiempo, configurado por Google para rastrear qui\u00e9n visita la tienda y desde d\u00f3nde.<\/p><p><br><\/p>\n<p class=\"translation-block\">SECCI\u00d3N 8 \u2013 EDAD DE CONSENTIMIENTO\nAl utilizar este sitio, usted declara que tiene al menos la mayor\u00eda de edad en su estado o provincia de residencia, o que tiene la mayor\u00eda de edad en su estado o provincia de residencia y que nos ha dado su consentimiento impl\u00edcito para permitir cualquier de sus dependientes menores para utilizar este sitio.<\/p><p class=\"translation-block\">SECCI\u00d3N 9 \u2013 CAMBIOS A ESTA POL\u00cdTICA DE PRIVACIDAD\nNos reservamos el derecho de modificar esta pol\u00edtica de privacidad en cualquier momento, as\u00ed que rev\u00edsela con frecuencia. Los cambios y aclaraciones entrar\u00e1n en vigor inmediatamente despu\u00e9s de su publicaci\u00f3n en el sitio web. Si realizamos cambios sustanciales a esta pol\u00edtica, le notificaremos aqu\u00ed que se ha actualizado, para que sepa qu\u00e9 informaci\u00f3n recopilamos, c\u00f3mo la usamos y bajo qu\u00e9 circunstancias, si corresponde, usamos y\/o divulgamos. \u00e9l.\nSi nuestra tienda es adquirida o fusionada con otra empresa, su informaci\u00f3n puede ser transferida a los nuevos propietarios para que nosotros y\/o ellos podamos continuar vendi\u00e9ndole productos.\nPREGUNTAS E INFORMACI\u00d3N DE CONTACTO\nSi desea acceder, corregir, modificar o eliminar cualquier informaci\u00f3n personal que recopilamos y conservamos, o simplemente desea obtener m\u00e1s informaci\u00f3n sobre este tema, comun\u00edquese con nuestro Oficial de Cumplimiento de Privacidad por correo electr\u00f3nico a info@biotehum.com<\/p>\t\t\t\t\t\t\t\t<\/div>\n\t\t\t\t<\/div>\n\t\t\t\t\t<\/div>\n\t\t\t\t<\/div>\n\t\t\t\t<\/div>","protected":false},"excerpt":{"rendered":"<p>Privacy Policy SECTION 1 \u2013 WHAT DO WE DO WITH YOUR INFORMATION?When you purchase something from our store, as part of the buying and selling process, you grant your implicit permission for us to collect the personal information you share with us such as your name, address, and email address.When you browse our store, we [&hellip;]<\/p>","protected":false},"author":1,"featured_media":0,"parent":0,"menu_order":0,"comment_status":"closed","ping_status":"closed","template":"elementor_header_footer","meta":{"inline_featured_image":false,"site-sidebar-layout":"default","site-content-layout":"","ast-site-content-layout":"default","site-content-style":"default","site-sidebar-style":"default","ast-global-header-display":"","ast-banner-title-visibility":"","ast-main-header-display":"","ast-hfb-above-header-display":"","ast-hfb-below-header-display":"","ast-hfb-mobile-header-display":"","site-post-title":"","ast-breadcrumbs-content":"","ast-featured-img":"","footer-sml-layout":"","theme-transparent-header-meta":"","adv-header-id-meta":"","stick-header-meta":"","header-above-stick-meta":"","header-main-stick-meta":"","header-below-stick-meta":"","astra-migrate-meta-layouts":"default","ast-page-background-enabled":"default","ast-page-background-meta":{"desktop":{"background-color":"","background-image":"","background-repeat":"repeat","background-position":"center center","background-size":"auto","background-attachment":"scroll","background-type":"","background-media":"","overlay-type":"","overlay-color":"","overlay-opacity":"","overlay-gradient":""},"tablet":{"background-color":"","background-image":"","background-repeat":"repeat","background-position":"center center","background-size":"auto","background-attachment":"scroll","background-type":"","background-media":"","overlay-type":"","overlay-color":"","overlay-opacity":"","overlay-gradient":""},"mobile":{"background-color":"","background-image":"","background-repeat":"repeat","background-position":"center center","background-size":"auto","background-attachment":"scroll","background-type":"","background-media":"","overlay-type":"","overlay-color":"","overlay-opacity":"","overlay-gradient":""}},"ast-content-background-meta":{"desktop":{"background-color":"var(--ast-global-color-5)","background-image":"","background-repeat":"repeat","background-position":"center center","background-size":"auto","background-attachment":"scroll","background-type":"","background-media":"","overlay-type":"","overlay-color":"","overlay-opacity":"","overlay-gradient":""},"tablet":{"background-color":"var(--ast-global-color-5)","background-image":"","background-repeat":"repeat","background-position":"center center","background-size":"auto","background-attachment":"scroll","background-type":"","background-media":"","overlay-type":"","overlay-color":"","overlay-opacity":"","overlay-gradient":""},"mobile":{"background-color":"var(--ast-global-color-5)","background-image":"","background-repeat":"repeat","background-position":"center center","background-size":"auto","background-attachment":"scroll","background-type":"","background-media":"","overlay-type":"","overlay-color":"","overlay-opacity":"","overlay-gradient":""}},"footnotes":""},"class_list":["post-3","page","type-page","status-publish","hentry"],"_links":{"self":[{"href":"https:\/\/biotehum.com\/es_mx\/wp-json\/wp\/v2\/pages\/3","targetHints":{"allow":["GET"]}}],"collection":[{"href":"https:\/\/biotehum.com\/es_mx\/wp-json\/wp\/v2\/pages"}],"about":[{"href":"https:\/\/biotehum.com\/es_mx\/wp-json\/wp\/v2\/types\/page"}],"author":[{"embeddable":true,"href":"https:\/\/biotehum.com\/es_mx\/wp-json\/wp\/v2\/users\/1"}],"replies":[{"embeddable":true,"href":"https:\/\/biotehum.com\/es_mx\/wp-json\/wp\/v2\/comments?post=3"}],"version-history":[{"count":28,"href":"https:\/\/biotehum.com\/es_mx\/wp-json\/wp\/v2\/pages\/3\/revisions"}],"predecessor-version":[{"id":1506,"href":"https:\/\/biotehum.com\/es_mx\/wp-json\/wp\/v2\/pages\/3\/revisions\/1506"}],"wp:attachment":[{"href":"https:\/\/biotehum.com\/es_mx\/wp-json\/wp\/v2\/media?parent=3"}],"curies":[{"name":"wp","href":"https:\/\/api.w.org\/{rel}","templated":true}]}}